{"id":42,"date":"2023-09-22T09:51:58","date_gmt":"2023-09-22T09:51:58","guid":{"rendered":"https:\/\/dev.hvar.is\/?page_id=42"},"modified":"2023-11-06T13:51:33","modified_gmt":"2023-11-06T13:51:33","slug":"seraskriftir","status":"publish","type":"page","link":"https:\/\/hvar.is\/en\/forsida\/seraskriftir\/","title":{"rendered":"Special subscriptions"},"content":{"rendered":"<div data-elementor-type=\"wp-page\" data-elementor-id=\"42\" class=\"elementor elementor-42\" data-elementor-post-type=\"page\">\n\t\t\t\t<div class=\"elementor-element elementor-element-3109188 e-flex e-con-boxed e-con e-parent\" data-id=\"3109188\" data-element_type=\"container\" data-e-type=\"container\">\n\t\t\t\t\t<div class=\"e-con-inner\">\n\t\t\t\t<div class=\"elementor-element elementor-element-aea985e elementor-widget elementor-widget-heading\" data-id=\"aea985e\" data-element_type=\"widget\" data-e-type=\"widget\" data-widget_type=\"heading.default\">\n\t\t\t\t<div class=\"elementor-widget-container\">\n\t\t\t\t\t<h2 class=\"elementor-heading-title elementor-size-default\">Special subscriptions<\/h2>\t\t\t\t<\/div>\n\t\t\t\t<\/div>\n\t\t\t\t<div class=\"elementor-element elementor-element-71d7b8f elementor-widget elementor-widget-text-editor\" data-id=\"71d7b8f\" data-element_type=\"widget\" data-e-type=\"widget\" data-widget_type=\"text-editor.default\">\n\t\t\t\t<div class=\"elementor-widget-container\">\n\t\t\t\t\t\t\t\t\t<p><strong><a href=\"http:\/\/gegnir.hosted.exlibrisgroup.com\/lbshl\/az\">H\u00e1sk\u00f3li \u00cdslands\u00a0&#8211; Landsb\u00f3kasafn<\/a><\/strong><\/p><p><strong><a href=\"http:\/\/bokasafn.landspitali.is\/?PageID=15490\">Landsp\u00edtali h\u00e1sk\u00f3lasj\u00fakrah\u00fas<\/a><\/strong><\/p><p><strong><a href=\"http:\/\/gegnir.hosted.exlibrisgroup.com\/lbshl\/az\">H\u00e1sk\u00f3li \u00cdslands &#8211; Menntav\u00edsindasvi\u00f0<\/a><\/strong><\/p><p><strong><a href=\"http:\/\/gegnir.hosted.exlibrisgroup.com\/hrehh\/journalsearch\">H\u00e1sk\u00f3linn \u00ed Reykjav\u00edk<\/a><\/strong><\/p><p><strong><a href=\"http:\/\/gegnir.hosted.exlibrisgroup.com\/hakhn\/az\" target=\"_blank\" rel=\"noopener\">H\u00e1sk\u00f3linn \u00e1 Akureyri<\/a><\/strong><\/p><p><strong><a href=\"http:\/\/gegnir.hosted.exlibrisgroup.com\/vibhh\/az\" target=\"_blank\" rel=\"noopener\">H\u00e1sk\u00f3linn \u00e1 Bifr\u00f6st<\/a><\/strong><\/p><p><strong><a href=\"http:\/\/lhi.is\/gagnasofn-og-timarit\">Listah\u00e1sk\u00f3li \u00cdslands<\/a><\/strong><\/p>\t\t\t\t\t\t\t\t<\/div>\n\t\t\t\t<\/div>\n\t\t\t\t\t<\/div>\n\t\t\t\t<\/div>\n\t\t\t\t<\/div>","protected":false},"excerpt":{"rendered":"<p>S\u00e9r\u00e1skriftir H\u00e1sk\u00f3li \u00cdslands\u00a0&#8211; Landsb\u00f3kasafn Landsp\u00edtali h\u00e1sk\u00f3lasj\u00fakrah\u00fas H\u00e1sk\u00f3li \u00cdslands &#8211; Menntav\u00edsindasvi\u00f0 H\u00e1sk\u00f3linn \u00ed Reykjav\u00edk H\u00e1sk\u00f3linn \u00e1 Akureyri H\u00e1sk\u00f3linn \u00e1 Bifr\u00f6st Listah\u00e1sk\u00f3li \u00cdslands<\/p>","protected":false},"author":2,"featured_media":0,"parent":20,"menu_order":0,"comment_status":"closed","ping_status":"closed","template":"","meta":{"footnotes":""},"class_list":["post-42","page","type-page","status-publish","hentry"],"_links":{"self":[{"href":"https:\/\/hvar.is\/en\/wp-json\/wp\/v2\/pages\/42","targetHints":{"allow":["GET"]}}],"collection":[{"href":"https:\/\/hvar.is\/en\/wp-json\/wp\/v2\/pages"}],"about":[{"href":"https:\/\/hvar.is\/en\/wp-json\/wp\/v2\/types\/page"}],"author":[{"embeddable":true,"href":"https:\/\/hvar.is\/en\/wp-json\/wp\/v2\/users\/2"}],"replies":[{"embeddable":true,"href":"https:\/\/hvar.is\/en\/wp-json\/wp\/v2\/comments?post=42"}],"version-history":[{"count":7,"href":"https:\/\/hvar.is\/en\/wp-json\/wp\/v2\/pages\/42\/revisions"}],"predecessor-version":[{"id":407,"href":"https:\/\/hvar.is\/en\/wp-json\/wp\/v2\/pages\/42\/revisions\/407"}],"up":[{"embeddable":true,"href":"https:\/\/hvar.is\/en\/wp-json\/wp\/v2\/pages\/20"}],"wp:attachment":[{"href":"https:\/\/hvar.is\/en\/wp-json\/wp\/v2\/media?parent=42"}],"curies":[{"name":"wp","href":"https:\/\/api.w.org\/{rel}","templated":true}]}}