{"id":40,"date":"2023-09-22T09:51:58","date_gmt":"2023-09-22T09:51:58","guid":{"rendered":"https:\/\/dev.hvar.is\/?page_id=40"},"modified":"2024-07-05T15:32:01","modified_gmt":"2024-07-05T15:32:01","slug":"um-landsadgang","status":"publish","type":"page","link":"https:\/\/hvar.is\/en\/forsida\/um-landsadgang\/","title":{"rendered":"About"},"content":{"rendered":"<div data-elementor-type=\"wp-page\" data-elementor-id=\"40\" class=\"elementor elementor-40\" data-elementor-post-type=\"page\">\n\t\t\t\t<div class=\"elementor-element elementor-element-b45421d e-flex e-con-boxed e-con e-parent\" data-id=\"b45421d\" data-element_type=\"container\" data-e-type=\"container\">\n\t\t\t\t\t<div class=\"e-con-inner\">\n\t\t\t\t<div class=\"elementor-element elementor-element-2ca75be elementor-widget elementor-widget-heading\" data-id=\"2ca75be\" data-element_type=\"widget\" data-e-type=\"widget\" data-widget_type=\"heading.default\">\n\t\t\t\t<div class=\"elementor-widget-container\">\n\t\t\t\t\t<h2 class=\"elementor-heading-title elementor-size-default\">About<\/h2>\t\t\t\t<\/div>\n\t\t\t\t<\/div>\n\t\t\t\t<div class=\"elementor-element elementor-element-10d8e46 elementor-widget elementor-widget-text-editor\" data-id=\"10d8e46\" data-element_type=\"widget\" data-e-type=\"widget\" data-widget_type=\"text-editor.default\">\n\t\t\t\t<div class=\"elementor-widget-container\">\n\t\t\t\t\t\t\t\t\t<p><a href=\"\/en\/forsida\/um-landsadgang\/umfjallanir-um-landsadgang\/\">Umfjallanir um Landsa\u00f0gang<\/a><\/p><p><a href=\"\/en\/forsida\/um-landsadgang\/skyrsla-rynihops-um-rafbaekur\/\">Sk\u00fdrsla r\u00fdnih\u00f3ps um rafb\u00e6kur<\/a><\/p><p><a href=\"\/en\/forsida\/um-landsadgang\/arsskyrslur\/\">\u00c1rssk\u00fdrslur<\/a><\/p><p><a href=\"\/en\/forsida\/um-landsadgang\/greidendur\/\">Grei\u00f0endur<\/a><\/p><p><a href=\"\/en\/forsida\/um-landsadgang\/notkunartolur\/\">Notkunart\u00f6lur<\/a><\/p><p>Landsa\u00f0gangur a\u00f0 rafr\u00e6num \u00e1skriftum\u00a0&#8211; hvar.is veitir \u00f6llum sem tengjast Netinu um \u00edslenskar netveitur a\u00f0gang a\u00f0 t\u00edmaritstgreinum t\u00e6plegra 19 \u00fe\u00fas. t\u00edmarita og \u00fear af 5.802 t\u00edmaritum beint fr\u00e1 \u00fatgefendum. R\u00edflega 200 a\u00f0ilar grei\u00f0a fyrir a\u00f0ganginn, \u00fear \u00e1 me\u00f0al eru almenningsb\u00f3kas\u00f6fn, b\u00f3kas\u00f6fn framhaldssk\u00f3la, \u00edslenskir h\u00e1sk\u00f3lar, b\u00f3kas\u00f6fn heilbrig\u00f0isstofnana, r\u00e1\u00f0uneyti, ranns\u00f3knar- og stj\u00f3rns\u00fdslustofnanir, opinber hlutaf\u00e9l\u00f6g, fyrirt\u00e6ki o.fl. Einnig er greitt\u00a0til Landsa\u00f0gangsins\u00a0me\u00f0\u00a0framl\u00f6gum \u00e1 fj\u00e1rl\u00f6gum.\u00a0N\u00e1nari uppl\u00fdsingar um grei\u00f0endur er a\u00f0 finna \u00e1 s\u00ed\u00f0u um\u00a0<a href=\"https:\/\/hvar.is\/en\/forsida\/um-landsadgang\/greidendur\/\">grei\u00f0endur<\/a>.\u00a0<\/p><p>Starfsemi Landsa\u00f0gangs a\u00f0 rafr\u00e6num \u00e1skriftum\u00a0h\u00f3fst me\u00f0 formlegum h\u00e6tti\u00a023. apr\u00edl 1999 \u00feegar landsa\u00f0gangur a\u00f0\u00a0<em>Encyclopaedia Britannica<\/em>\u00a0h\u00f3fst. Um sama leyti h\u00f3fst\u00a0vinna vi\u00f0 a\u00f0 meta \u00fe\u00f6rf\u00a0fyrir a\u00f0gang a\u00f0 g\u00f6gnum \u00e1 rafr\u00e6nu formi\u00a0og semja um a\u00f0gang a\u00f0 \u00feeim sem\u00a0Verkefnisstj\u00f3rn um rafr\u00e6nan a\u00f0gang s\u00e1 um.\u00a0\u00a0\u00a0<\/p><p>\u00cd\u00a0desember\u00a02002 var undirrita\u00f0ur \u00fej\u00f3nustusamningur \u00e1 milli\u00a0menntam\u00e1lar\u00e1\u00f0uneytis og\u00a0<em><a href=\"http:\/\/www.landsbokasafn.is\/\">Landsb\u00f3kasafn \u00cdslands \u2013 H\u00e1sk\u00f3lab\u00f3kasafn<\/a><\/em>\u00a0sem f\u00f3l \u00ed s\u00e9r a\u00f0\u00a0safni\u00f0 hef\u00f0i\u00a0umsj\u00f3n me\u00f0 Landsa\u00f0gangi &#8211; hvar.is.\u00a0<em><a href=\"https:\/\/hvar.is\/en\/uploads\/%C3%9Ej%C3%B3nustusamningur%20Lbs-Hbs%20og%20Menntam%C3%A1lar%C3%A1%C3%B0uneytisins%20um%20framkv%C3%A6md%20samninga%20um%20landsa%C3%B0gang%202.pdf\/\" target=\"_blank\" rel=\"noopener\">\u00dej\u00f3nustusamningurinn<\/a>\u00a0<\/em>var endurn\u00fdja\u00f0ur me\u00f0 nokkrum breytingum \u00ed lok \u00e1rs 2006.\u00a0<\/p><p>\u00cd sk\u00fdrslunni\u00a0<a href=\"https:\/\/www.rannis.is\/media\/innvidasjodur\/ICELAND-Roadmap-2009.pdf\">Vegv\u00edsir um innvi\u00f0i til ranns\u00f3kna<\/a>\u00a0(2009) er Landsa\u00f0gangur skilgreindur sem ranns\u00f3knainnvi\u00f0ur (research infrastructure), en \u00fea\u00f0 eru t\u00e6ki, a\u00f0sta\u00f0a, gagnagrunnar, \u00fej\u00f3nusta, kerfi, t\u00f6lvunet e\u00f0a anna\u00f0 sem talist getur nau\u00f0synlegt e\u00f0a \u00f3missandi fyrir i\u00f0kun v\u00edsinda. \u00dear kemur fram a\u00f0 Landsa\u00f0gangur s\u00e9 me\u00f0 mikilv\u00e6gustu forsendum fyrir \u00f6flugu ranns\u00f3knar- og \u00fer\u00f3unarstarfi \u00e1 \u00cdslandi og \u00fear me\u00f0 fyrir allri n\u00fdsk\u00f6punarstarfsemi \u00ed landinu. Uppbygging ranns\u00f3knan\u00e1ms og m\u00f6guleikar \u00e1 s\u00f3kn \u00ed al\u00fej\u00f3\u00f0lega ranns\u00f3knasj\u00f3\u00f0i s\u00e9 einnig h\u00e1\u00f0 g\u00f3\u00f0u og tryggu a\u00f0gengi a\u00f0 uppl\u00fdsingum um n\u00fdjustu ranns\u00f3knir. A\u00f0gangurinn s\u00e9 einnig lykilatri\u00f0i fyrir uppbyggingu ranns\u00f3kna- og fr\u00e6\u00f0asetra um allt land. Hann skipti einnig miklu m\u00e1li fyrir menntun \u00ed landinu almennt, og nemendur \u00ed framhaldssk\u00f3lum, ekki s\u00ed\u00f0ur en h\u00e1sk\u00f3lum, nota landsa\u00f0ganginn. \u00cd framhaldi af sk\u00fdrslunni var unni\u00f0 a\u00f0 tryggri fj\u00e1rm\u00f6gnun Landsa\u00f0gangs.<\/p><p>\u00dea\u00f0 var gert me\u00f0 \u00fev\u00ed a\u00f0 Landsa\u00f0gangur var\u00f0 a\u00f0 l\u00f6gbundu verkefni Landsb\u00f3kasafns \u00cdslands \u2013 H\u00e1sk\u00f3lab\u00f3kasafns me\u00f0 setningu laga nr.\u00a0<a href=\"http:\/\/www.althingi.is\/altext\/139\/s\/1943.html\">142\/2011<\/a>. \u00a0\u00cd 4. gr. laganna er kve\u00f0i\u00f0 \u00e1 um a\u00f0 safni\u00f0 r\u00e6ki hlutverk sitt me\u00f0 \u00fev\u00ed \u201ea\u00f0 efla a\u00f0gang a\u00f0 erlendum g\u00f6gnum \u00ed \u00fe\u00e1gu v\u00edsinda og fr\u00e6\u00f0a, stj\u00f3rns\u00fdslu og atvinnul\u00edfs, me\u00f0al annars me\u00f0 \u00fev\u00ed a\u00f0 annast framkv\u00e6md samninga um landsa\u00f0gang a\u00f0 rafr\u00e6num gagnas\u00f6fnum og t\u00edmaritum \u00ed samr\u00e1\u00f0i vi\u00f0 helstu hagsmunaa\u00f0ila&#8220;\u00a0\u00a0<\/p><p><strong>Stj\u00f3rn Landsa\u00f0gangs &#8211; hvar.is<\/strong><\/p><p>Til r\u00e1\u00f0gjafar er starfandi stj\u00f3rnarnefnd\u00a0sem tekur m.a.\u00a0\u00fe\u00e1tt \u00ed stefnum\u00f3tun og \u00e1kv\u00f6r\u00f0unum um val \u00e1 rafr\u00e6num gagnas\u00f6fnum og t\u00edmaritum. \u00de\u00e1\u00a0\u00e1kve\u00f0ur stj\u00f3rnin skiptingu grei\u00f0slna\u00a0eftir h\u00f3pum,\u00a0sam\u00feykkir fj\u00e1rhags\u00e1\u00e6tlun og undir hana eru bornir samningar vi\u00f0 birgja.\u00a0<\/p><p>Starfi stj\u00f3rnarnefndar st\u00fdrir Gu\u00f0r\u00fan Tryggvad\u00f3tti en auk hennar eru \u00ed stj\u00f3rnarnefnd fr\u00e1 febr\u00faar 2024:<\/p><div>Anna Sigr\u00ed\u00f0ur Gu\u00f0nad\u00f3ttir\u00a0<\/div><div>Baldvin Zarioh<br \/>Brj\u00e1nn Birgisson<\/div><div>Ragna Bj\u00f6rk Kristj\u00e1nsd\u00f3ttir<\/div><div>R\u00f3sa Bjarnad\u00f3ttir<\/div>\t\t\t\t\t\t\t\t<\/div>\n\t\t\t\t<\/div>\n\t\t\t\t\t<\/div>\n\t\t\t\t<\/div>\n\t\t\t\t<\/div>","protected":false},"excerpt":{"rendered":"<p>Um Landsa\u00f0gang Umfjallanir um Landsa\u00f0gang Sk\u00fdrsla r\u00fdnih\u00f3ps um rafb\u00e6kur \u00c1rssk\u00fdrslur Grei\u00f0endur Notkunart\u00f6lur Landsa\u00f0gangur a\u00f0 rafr\u00e6num \u00e1skriftum\u00a0&#8211; hvar.is veitir \u00f6llum sem tengjast Netinu um \u00edslenskar netveitur a\u00f0gang a\u00f0 t\u00edmaritstgreinum t\u00e6plegra 19 \u00fe\u00fas. t\u00edmarita og \u00fear af 5.802 t\u00edmaritum beint fr\u00e1 \u00fatgefendum. R\u00edflega 200 a\u00f0ilar grei\u00f0a fyrir a\u00f0ganginn, \u00fear \u00e1 me\u00f0al eru almenningsb\u00f3kas\u00f6fn, b\u00f3kas\u00f6fn framhaldssk\u00f3la, \u00edslenskir h\u00e1sk\u00f3lar, [&hellip;]<\/p>\n","protected":false},"author":2,"featured_media":0,"parent":20,"menu_order":0,"comment_status":"closed","ping_status":"closed","template":"","meta":{"footnotes":""},"class_list":["post-40","page","type-page","status-publish","hentry"],"_links":{"self":[{"href":"https:\/\/hvar.is\/en\/wp-json\/wp\/v2\/pages\/40","targetHints":{"allow":["GET"]}}],"collection":[{"href":"https:\/\/hvar.is\/en\/wp-json\/wp\/v2\/pages"}],"about":[{"href":"https:\/\/hvar.is\/en\/wp-json\/wp\/v2\/types\/page"}],"author":[{"embeddable":true,"href":"https:\/\/hvar.is\/en\/wp-json\/wp\/v2\/users\/2"}],"replies":[{"embeddable":true,"href":"https:\/\/hvar.is\/en\/wp-json\/wp\/v2\/comments?post=40"}],"version-history":[{"count":28,"href":"https:\/\/hvar.is\/en\/wp-json\/wp\/v2\/pages\/40\/revisions"}],"predecessor-version":[{"id":1158,"href":"https:\/\/hvar.is\/en\/wp-json\/wp\/v2\/pages\/40\/revisions\/1158"}],"up":[{"embeddable":true,"href":"https:\/\/hvar.is\/en\/wp-json\/wp\/v2\/pages\/20"}],"wp:attachment":[{"href":"https:\/\/hvar.is\/en\/wp-json\/wp\/v2\/media?parent=40"}],"curies":[{"name":"wp","href":"https:\/\/api.w.org\/{rel}","templated":true}]}}