{"id":372,"date":"2023-11-06T13:28:51","date_gmt":"2023-11-06T13:28:51","guid":{"rendered":"https:\/\/dev.hvar.is\/?page_id=372"},"modified":"2024-07-05T15:38:01","modified_gmt":"2024-07-05T15:38:01","slug":"notkunartolur","status":"publish","type":"page","link":"https:\/\/hvar.is\/en\/forsida\/um-landsadgang\/notkunartolur\/","title":{"rendered":"Notkunart\u00f6lur"},"content":{"rendered":"<div data-elementor-type=\"wp-page\" data-elementor-id=\"372\" class=\"elementor elementor-372\" data-elementor-post-type=\"page\">\n\t\t\t\t<div class=\"elementor-element elementor-element-1ffd955 e-flex e-con-boxed e-con e-parent\" data-id=\"1ffd955\" data-element_type=\"container\" data-e-type=\"container\">\n\t\t\t\t\t<div class=\"e-con-inner\">\n\t\t\t\t<div class=\"elementor-element elementor-element-fb3c497 elementor-widget elementor-widget-heading\" data-id=\"fb3c497\" data-element_type=\"widget\" data-e-type=\"widget\" data-widget_type=\"heading.default\">\n\t\t\t\t<div class=\"elementor-widget-container\">\n\t\t\t\t\t<h2 class=\"elementor-heading-title elementor-size-default\">Notkunart\u00f6lur<\/h2>\t\t\t\t<\/div>\n\t\t\t\t<\/div>\n\t\t\t\t<div class=\"elementor-element elementor-element-fcd65bd elementor-widget elementor-widget-text-editor\" data-id=\"fcd65bd\" data-element_type=\"widget\" data-e-type=\"widget\" data-widget_type=\"text-editor.default\">\n\t\t\t\t<div class=\"elementor-widget-container\">\n\t\t\t\t\t\t\t\t\t<ul><li><a href=\"https:\/\/vefsafn.is\/is\/20231014121007mp_\/https:\/\/hvar.is\/uploads\/images\/Notkun%20\u00e1%20gagna-%20t\u00edmarita-%20og%20rafb\u00f3kas\u00f6fnum%20\u00ed%20Landsa\u00f0gangi%202008-2016%20vegna%2011.%20\u00e1rsfundar%20-%20Endanleg%20ger\u00f0.pdf\" data-wplink-edit=\"true\">Notkun \u00e1 t\u00edmarita-, rafb\u00f3ka- og gagnas\u00f6fnum 2008-2016<\/a><\/li><li><a href=\"https:\/\/vefsafn.is\/is\/20231014121007mp_\/https:\/\/hvar.is\/uploads\/images\/Notkun%20\u00e1%20gagna-%20t\u00edmarita-%20og%20rafb\u00f3kas\u00f6fnum%20\u00ed%20Landsa\u00f0gangi%202007-2015%20vegna%2010.%20\u00e1rsfundar%2018.%20mars%202016%20-%20Master-PDF.2.pdf\">Notkun \u00e1 t\u00edmarita-, rafb\u00f3ka- og gagnas\u00f6fnum 2007-2015<\/a><\/li><li><a href=\"https:\/\/vefsafn.is\/is\/20231014121007mp_\/https:\/\/hvar.is\/uploads\/images\/Notkun%20\u00e1%20gagna-%20t\u00edmarita-%20og%20rafb\u00f3kas\u00f6fnum%20\u00ed%20Landsa\u00f0gangi%202006-2014%20vegna%209.%20\u00e1rsfundar%2019.%20mars%202015%20-%20MASTER.2.1.pdf\">Notkun \u00e1 t\u00edmarita- og gagnas\u00f6fnum \u00ed Landsa\u00f0gangi 2006-2014<\/a><\/li><li><a href=\"https:\/\/vefsafn.is\/is\/20231014121007mp_\/https:\/\/hvar.is\/uploads\/images\/Notkun%20\u00e1%20gagna-%20t\u00edmarita-%20og%20rafb\u00f3kas\u00f6fnum%20\u00ed%20Landsa\u00f0gangi%202004-2013%20vegna%208.%20\u00c1rsfundar%2020.%20mars%202014%20-%20loka\u00fatg\u00e1fa.pdf\">Notkun \u00e1 t\u00edmarita- og gagnas\u00f6fnum \u00ed Landsa\u00f0gangi 2004-2013<\/a><\/li><li><a href=\"https:\/\/vefsafn.is\/is\/20231014121007mp_\/https:\/\/hvar.is\/uploads\/images\/Notkun%20\u00e1%20gagna%20og%20t\u00edmaritas\u00f6fnum%20\u00ed%20Landsa\u00f0gangi%202003-2012%20-%20Loka%20BB.pdf\">Notkun \u00e1 t\u00edmarita- og gagnas\u00f6fnum \u00ed Landsa\u00f0gangi 2003-2012<\/a><\/li><li><a href=\"https:\/\/vefsafn.is\/is\/20231014121007mp_\/https:\/\/hvar.is\/uploads\/Notkun \u00e1 gagna og t\u00edmaritas\u00f6fnum \u00ed Landsa\u00f0gangi 2002-2011 - \u00dathendi BB.pdf\">Notkun \u00e1 t\u00edmarita- og gagnas\u00f6fnum \u00ed Landsa\u00f0gangi 2002-2011<\/a><\/li><li><a href=\"https:\/\/vefsafn.is\/is\/20231014121007mp_\/https:\/\/hvar.is\/uploads\/Skjol_skyrslur\/PDF2%20Notkun%20a%20gagna-%20og%20timaritasofnum%20i%20Landsadgangi%202002-2010.pdf\">Notkun \u00e1 t\u00edmarita- og gagnas\u00f6fnum \u00ed Landsa\u00f0gangi 2002-2010<\/a><\/li><li><a href=\"https:\/\/vefsafn.is\/is\/20231014121007mp_\/https:\/\/hvar.is\/uploads\/Skjol_skyrslur\/Notkun%20a%20timarita%20og%20gagnasofnum%20i%20Landsadgangi%202001%202009.pdf\">Notkun \u00e1 t\u00edmarita- og gagnas\u00f6fnum \u00ed Landsa\u00f0gangi 2001-2009<\/a><\/li><li><a href=\"https:\/\/vefsafn.is\/is\/20231014121007mp_\/https:\/\/hvar.is\/uploads\/Skjol_skyrslur\/Notkun.pdf\">Notkun \u00e1 gagna- og t\u00edmaritas\u00f6fnum \u00ed Landsa\u00f0gangi 2000-2008, me\u00f0 og \u00e1n\u00a0Morgunbla\u00f0inu<\/a><\/li><li><a title=\"Samanl\u00f6g\u00f0 notkun landsa\u00f0gangs 1999-2006\" href=\"https:\/\/vefsafn.is\/is\/20231014121007mp_\/https:\/\/hvar.is\/uploads\/Skjol_skyrslur\/Samanlagdar%20Notkunartolur%20Landsadgangs.pdf\">Samanl\u00f6g\u00f0 notkun \u00e1 landsa\u00f0gangi 1999-2007, greinar s\u00f3ttar \u00ed fullri lengd<\/a><\/li><\/ul>\t\t\t\t\t\t\t\t<\/div>\n\t\t\t\t<\/div>\n\t\t\t\t\t<\/div>\n\t\t\t\t<\/div>\n\t\t\t\t<\/div>","protected":false},"excerpt":{"rendered":"<p>Notkunart\u00f6lur Notkun \u00e1 t\u00edmarita-, rafb\u00f3ka- og gagnas\u00f6fnum 2008-2016 Notkun \u00e1 t\u00edmarita-, rafb\u00f3ka- og gagnas\u00f6fnum 2007-2015 Notkun \u00e1 t\u00edmarita- og gagnas\u00f6fnum \u00ed Landsa\u00f0gangi 2006-2014 Notkun \u00e1 t\u00edmarita- og gagnas\u00f6fnum \u00ed Landsa\u00f0gangi 2004-2013 Notkun \u00e1 t\u00edmarita- og gagnas\u00f6fnum \u00ed Landsa\u00f0gangi 2003-2012 Notkun \u00e1 t\u00edmarita- og gagnas\u00f6fnum \u00ed Landsa\u00f0gangi 2002-2011 Notkun \u00e1 t\u00edmarita- og gagnas\u00f6fnum \u00ed Landsa\u00f0gangi 2002-2010 [&hellip;]<\/p>\n","protected":false},"author":2,"featured_media":0,"parent":40,"menu_order":0,"comment_status":"closed","ping_status":"closed","template":"","meta":{"footnotes":""},"class_list":["post-372","page","type-page","status-publish","hentry"],"_links":{"self":[{"href":"https:\/\/hvar.is\/en\/wp-json\/wp\/v2\/pages\/372","targetHints":{"allow":["GET"]}}],"collection":[{"href":"https:\/\/hvar.is\/en\/wp-json\/wp\/v2\/pages"}],"about":[{"href":"https:\/\/hvar.is\/en\/wp-json\/wp\/v2\/types\/page"}],"author":[{"embeddable":true,"href":"https:\/\/hvar.is\/en\/wp-json\/wp\/v2\/users\/2"}],"replies":[{"embeddable":true,"href":"https:\/\/hvar.is\/en\/wp-json\/wp\/v2\/comments?post=372"}],"version-history":[{"count":13,"href":"https:\/\/hvar.is\/en\/wp-json\/wp\/v2\/pages\/372\/revisions"}],"predecessor-version":[{"id":1168,"href":"https:\/\/hvar.is\/en\/wp-json\/wp\/v2\/pages\/372\/revisions\/1168"}],"up":[{"embeddable":true,"href":"https:\/\/hvar.is\/en\/wp-json\/wp\/v2\/pages\/40"}],"wp:attachment":[{"href":"https:\/\/hvar.is\/en\/wp-json\/wp\/v2\/media?parent=372"}],"curies":[{"name":"wp","href":"https:\/\/api.w.org\/{rel}","templated":true}]}}