{"id":362,"date":"2023-11-06T13:26:56","date_gmt":"2023-11-06T13:26:56","guid":{"rendered":"https:\/\/dev.hvar.is\/?page_id=362"},"modified":"2024-02-23T13:00:17","modified_gmt":"2024-02-23T13:00:17","slug":"arsskyrslur","status":"publish","type":"page","link":"https:\/\/hvar.is\/en\/forsida\/um-landsadgang\/arsskyrslur\/","title":{"rendered":"\u00c1rssk\u00fdrslur"},"content":{"rendered":"<div data-elementor-type=\"wp-page\" data-elementor-id=\"362\" class=\"elementor elementor-362\" data-elementor-post-type=\"page\">\n\t\t\t\t<div class=\"elementor-element elementor-element-a563fbf e-flex e-con-boxed e-con e-parent\" data-id=\"a563fbf\" data-element_type=\"container\" data-e-type=\"container\">\n\t\t\t\t\t<div class=\"e-con-inner\">\n\t\t\t\t<div class=\"elementor-element elementor-element-b95d711 elementor-widget elementor-widget-heading\" data-id=\"b95d711\" data-element_type=\"widget\" data-e-type=\"widget\" data-widget_type=\"heading.default\">\n\t\t\t\t<div class=\"elementor-widget-container\">\n\t\t\t\t\t<h2 class=\"elementor-heading-title elementor-size-default\">\u00c1rssk\u00fdrslur<\/h2>\t\t\t\t<\/div>\n\t\t\t\t<\/div>\n\t\t\t\t<div class=\"elementor-element elementor-element-0e1990e elementor-widget elementor-widget-text-editor\" data-id=\"0e1990e\" data-element_type=\"widget\" data-e-type=\"widget\" data-widget_type=\"text-editor.default\">\n\t\t\t\t<div class=\"elementor-widget-container\">\n\t\t\t\t\t\t\t\t\t<p><a href=\"https:\/\/hvar.is\/wp-content\/uploads\/2024\/02\/Arsskyrsla-Landsadgangs-2022.-Dags.-30.3.2023.-MASTER.-2.pdf\">\u00c1rssk\u00fdrsla Landsa\u00f0gangs 2022<\/a><\/p><p><a href=\"https:\/\/hvar.is\/wp-content\/uploads\/2024\/02\/3.-Arsskyrsla-Landsadgangs-2021.-Lokautgafa-31.3.2022.-Leidrett-22.9.2022.pdf\">\u00c1rssk\u00fdrsla Landsa\u00f0gangs 2021<\/a><\/p><p><a href=\"https:\/\/hvar.is\/wp-content\/uploads\/2024\/02\/rsskyrsla-Landsadgangs-2020.-Lokautgafa-10052021.pdf\">\u00c1rssk\u00fdrsla Landsa\u00f0gangs 2020<\/a><\/p><p><a href=\"https:\/\/hvar.is\/wp-content\/uploads\/2024\/02\/rsskyrsla-Landsadgangs-2019.-MASTER-31.-mars-2020.pdf\">\u00c1rssk\u00fdrsla Landsadgangs 2019<\/a><\/p><p><a href=\"https:\/\/hvar.is\/wp-content\/uploads\/2024\/02\/Arsskyrsla-Landsadgangs-2018.-Lokautgafa.pdf\">\u00c1rssk\u00fdrsla Landsa\u00f0gangs 2018<\/a><\/p><p><a href=\"https:\/\/hvar.is\/wp-content\/uploads\/2024\/02\/Arsskyrsla-Landsadgangs-2017-MASTER.2.pdf\">\u00c1rssk\u00fdrsla Landsa\u00f0gangs 2017<\/a><\/p><p><a href=\"https:\/\/hvar.is\/wp-content\/uploads\/2024\/02\/rsskyrsla-Landsadgangs-2016-Endanleg-gerd.pdf\">\u00c1rssk\u00fdrsla Landsa\u00f0gangs 2016<\/a><\/p><p><a href=\"https:\/\/hvar.is\/wp-content\/uploads\/2024\/02\/Arsskyrsla-Landsadgangs-2015-loka.-PDF.pdf\">\u00c1rssk\u00fdrsla Landsa\u00f0gangs 2015<\/a><\/p><p><a href=\"https:\/\/hvar.is\/wp-content\/uploads\/2024\/02\/Arsskyrsla-Landsadgangs-2014.2-MASTER.pdf\">\u00c1rssk\u00fdrsla Landsa\u00f0gangs 2014<\/a><\/p><p><a href=\"https:\/\/hvar.is\/wp-content\/uploads\/2024\/02\/Arsskyrsla-Landsadgangs-2013-lokautgafa.pdf\">\u00c1rssk\u00fdrsla Landsa\u00f0gangs 2013<\/a><\/p><p><a href=\"https:\/\/hvar.is\/wp-content\/uploads\/2024\/02\/rsskyrsla-Landsadgangs-2012-MASTER-fundur-22.-mars-2013-Loka.pdf\">\u00c1rssk\u00fdrsla Landsa\u00f0gangs 2012<\/a><\/p><p><a href=\"https:\/\/hvar.is\/wp-content\/uploads\/2024\/02\/Arsskyrsla-Landsadgangs-2011-MASTER-fundur-23.-mars-2012.pdf\">\u00c1rssk\u00fdrsla Landsa\u00f0gangs 2011<\/a><\/p><p><a href=\"https:\/\/hvar.is\/wp-content\/uploads\/2024\/02\/PDF-Arsskyrsla-Landsadgangs-2010-MASTER-fundur-18.-mars-2011.pdf\">\u00c1rssk\u00fdrsla Landsa\u00f0gangs 2010<\/a><\/p><p><a href=\"https:\/\/hvar.is\/wp-content\/uploads\/2024\/02\/Arsskyrsla-Landsadgangs-2009-pdf-Master.pdf\">\u00c1rssk\u00fdrsla Landsa\u00f0gangs 2009<\/a><\/p><p><a href=\"https:\/\/hvar.is\/wp-content\/uploads\/2024\/02\/Arsskyrsla2008.pdf\">\u00c1rssk\u00fdrsla Landsa\u00f0gangs 2008<\/a><\/p><p><a href=\"https:\/\/hvar.is\/wp-content\/uploads\/2024\/02\/Arsskyrsla-Landsadgangs-2007.pdf\">\u00c1rssk\u00fdrsla Landsa\u00f0gangs 2007<\/a><\/p><p><a href=\"https:\/\/hvar.is\/wp-content\/uploads\/2024\/02\/Arsskyrsla-Landsadgangs-2006.pdf\">\u00c1rssk\u00fdrsla Landsa\u00f0gangs 2006<\/a><\/p><p><a href=\"https:\/\/hvar.is\/wp-content\/uploads\/2024\/02\/Arsskyrsla-Landsadgangs-2005.pdf\">\u00c1rssk\u00fdrsla Landsa\u00f0gangs 2005<\/a><\/p><p><a href=\"https:\/\/hvar.is\/wp-content\/uploads\/2024\/02\/Arsskyrsla-Landsadgangs-2004.pdf\">\u00c1rssk\u00fdrsla Landsa\u00f0gangs 2004<\/a><\/p><p><a href=\"https:\/\/hvar.is\/wp-content\/uploads\/2024\/02\/Arsskyrsla-Landsadgangs-2003.pdf\">\u00c1rssk\u00fdrsla Landsa\u00f0gangs 2003<\/a><\/p><p><a href=\"https:\/\/hvar.is\/wp-content\/uploads\/2024\/02\/Arsskyrsla-Verkefnisstjorn-2001.pdf\">\u00c1rssk\u00fdrsla Landsa\u00f0gangs 2001<\/a><\/p><p><a href=\"https:\/\/hvar.is\/wp-content\/uploads\/2024\/02\/Stefnumotun2002.pdf\">Stefnum\u00f3tun Verkefnisstj\u00f3rnar 2002<\/a> \u00a0 \u00a0<\/p>\t\t\t\t\t\t\t\t<\/div>\n\t\t\t\t<\/div>\n\t\t\t\t\t<\/div>\n\t\t\t\t<\/div>\n\t\t\t\t<\/div>","protected":false},"excerpt":{"rendered":"<p>\u00c1rssk\u00fdrslur \u00c1rssk\u00fdrsla Landsa\u00f0gangs 2022 \u00c1rssk\u00fdrsla Landsa\u00f0gangs 2021 \u00c1rssk\u00fdrsla Landsa\u00f0gangs 2020 \u00c1rssk\u00fdrsla Landsadgangs 2019 \u00c1rssk\u00fdrsla Landsa\u00f0gangs 2018 \u00c1rssk\u00fdrsla Landsa\u00f0gangs 2017 \u00c1rssk\u00fdrsla Landsa\u00f0gangs 2016 \u00c1rssk\u00fdrsla Landsa\u00f0gangs 2015 \u00c1rssk\u00fdrsla Landsa\u00f0gangs 2014 \u00c1rssk\u00fdrsla Landsa\u00f0gangs 2013 \u00c1rssk\u00fdrsla Landsa\u00f0gangs 2012 \u00c1rssk\u00fdrsla Landsa\u00f0gangs 2011 \u00c1rssk\u00fdrsla Landsa\u00f0gangs 2010 \u00c1rssk\u00fdrsla Landsa\u00f0gangs 2009 \u00c1rssk\u00fdrsla Landsa\u00f0gangs 2008 \u00c1rssk\u00fdrsla Landsa\u00f0gangs 2007 \u00c1rssk\u00fdrsla Landsa\u00f0gangs 2006 \u00c1rssk\u00fdrsla Landsa\u00f0gangs 2005 [&hellip;]<\/p>\n","protected":false},"author":2,"featured_media":0,"parent":40,"menu_order":0,"comment_status":"closed","ping_status":"closed","template":"","meta":{"footnotes":""},"class_list":["post-362","page","type-page","status-publish","hentry"],"_links":{"self":[{"href":"https:\/\/hvar.is\/en\/wp-json\/wp\/v2\/pages\/362","targetHints":{"allow":["GET"]}}],"collection":[{"href":"https:\/\/hvar.is\/en\/wp-json\/wp\/v2\/pages"}],"about":[{"href":"https:\/\/hvar.is\/en\/wp-json\/wp\/v2\/types\/page"}],"author":[{"embeddable":true,"href":"https:\/\/hvar.is\/en\/wp-json\/wp\/v2\/users\/2"}],"replies":[{"embeddable":true,"href":"https:\/\/hvar.is\/en\/wp-json\/wp\/v2\/comments?post=362"}],"version-history":[{"count":16,"href":"https:\/\/hvar.is\/en\/wp-json\/wp\/v2\/pages\/362\/revisions"}],"predecessor-version":[{"id":1122,"href":"https:\/\/hvar.is\/en\/wp-json\/wp\/v2\/pages\/362\/revisions\/1122"}],"up":[{"embeddable":true,"href":"https:\/\/hvar.is\/en\/wp-json\/wp\/v2\/pages\/40"}],"wp:attachment":[{"href":"https:\/\/hvar.is\/en\/wp-json\/wp\/v2\/media?parent=362"}],"curies":[{"name":"wp","href":"https:\/\/api.w.org\/{rel}","templated":true}]}}