{"id":34,"date":"2023-09-22T09:51:58","date_gmt":"2023-09-22T09:51:58","guid":{"rendered":"https:\/\/dev.hvar.is\/?page_id=34"},"modified":"2024-01-26T13:43:16","modified_gmt":"2024-01-26T13:43:16","slug":"opinn-adgangur-oa","status":"publish","type":"page","link":"https:\/\/hvar.is\/en\/opinn-adgangur-oa\/","title":{"rendered":"Opinn a\u00f0gangur (OA)"},"content":{"rendered":"<div data-elementor-type=\"wp-page\" data-elementor-id=\"34\" class=\"elementor elementor-34\" data-elementor-post-type=\"page\">\n\t\t\t\t<div class=\"elementor-element elementor-element-730b23c e-flex e-con-boxed e-con e-parent\" data-id=\"730b23c\" data-element_type=\"container\" data-e-type=\"container\">\n\t\t\t\t\t<div class=\"e-con-inner\">\n\t\t\t\t<div class=\"elementor-element elementor-element-fc0c035 elementor-widget elementor-widget-heading\" data-id=\"fc0c035\" data-element_type=\"widget\" data-e-type=\"widget\" data-widget_type=\"heading.default\">\n\t\t\t\t<div class=\"elementor-widget-container\">\n\t\t\t\t\t<h2 class=\"elementor-heading-title elementor-size-default\">Opinn a\u00f0gangur (OA)<\/h2>\t\t\t\t<\/div>\n\t\t\t\t<\/div>\n\t\t\t\t<div class=\"elementor-element elementor-element-2de9bb6 elementor-widget elementor-widget-text-editor\" data-id=\"2de9bb6\" data-element_type=\"widget\" data-e-type=\"widget\" data-widget_type=\"text-editor.default\">\n\t\t\t\t<div class=\"elementor-widget-container\">\n\t\t\t\t\t\t\t\t\t<p><\/p>\n<p>Landsa\u00f0gangur hefur gert birtingar- og samning um opinn a\u00f0gang vi\u00f0 Karger \u00fatg\u00e1funa<\/p>\n<p><\/p>\n<p>Samningurinn tryggir landsa\u00f0gang a\u00f0 \u00f6llum rafr\u00e6num t\u00edmaritum Karger fr\u00e1 og me\u00f0 1998. V\u00edsindamenn \u00e1 \u00cdslandi geta birt v\u00edsindagreinar \u00ed t\u00edmaritum Karger \u00ed opnum a\u00f0gangi \u00e1n \u00feess a\u00f0 grei\u00f0a birtingargj\u00f6ld og er fj\u00f6ldi greina til birtingar \u00f3takmarka\u00f0ur.<\/p>\n<p><\/p>\n<p><a href=\"https:\/\/hvar.is\/en\/uploads\/pdf\/Fr%C3%A9ttatilkynning_Samningur_um%20opinn_a%C3%B0gang_Landsadgangur_Karger_%C3%ADslenska_%C3%AD_mars_2021.pdf\/\"><strong>Fr\u00e9ttatilkynning<\/strong><\/a><\/p>\n<p><\/p>\n<p><a href=\"https:\/\/hvar.is\/en\/uploads\/pdf\/How%20to%20Submit%20your%20Paper_Karger%20Publishers.pdf\/\"><strong>Lei\u00f0beiningar um innsendingu greina til birtingar hj\u00e1 Karger<\/strong><\/a>\u00a0(\u00e1 ensku)<\/p>\n<p><\/p>\n<p>\u00cd samningnum felst einnig a\u00f0gangur fyrir alla landsmenn a\u00f0 Karger Campus KargerLEARN, sem er kennsluvefur me\u00f0 15 netn\u00e1mskei\u00f0um sem fjalla um hagn\u00fdtt atri\u00f0i tengdu ritunarferli v\u00edsinda- og fr\u00e6\u00f0igreina og birtingum \u00ed v\u00edsindat\u00edmaritum. N\u00e1mskei\u00f0in eru alhli\u00f0a og n\u00fdtast einstaklingum \u00e1 \u00f6llum fr\u00e6\u00f0asvi\u00f0um.<\/p>\n<p><\/p>\n<p>Lei\u00f0beiningar \u00e1 ensku fyrir KargerLEARN.<\/p>\n<p><\/p>\n<hr class=\"wp-block-separator has-alpha-channel-opacity\" \/>\n<p><\/p>\n<p>\u00a0Landsb\u00f3kasafn \u00cdslands H\u00e1sk\u00f3lab\u00f3kasafn og Landsa\u00f0gangur taka \u00fe\u00e1tt \u00ed SCOAP3 sem er verkefni um opinn a\u00f0gang a\u00f0 ritum \u00e1 svi\u00f0i kjarne\u00f0lis-\u00f6reindafr\u00e6\u00f0i og er \u00e1 vegum CERN stofnunarinnar \u00ed Sviss. Verkefni\u00f0 er til \u00feriggja \u00e1ra (2014-2016) og tekur Landsa\u00f0gangur \u00fe\u00e1tt \u00ed \u00fev\u00ed \u00e1rin 2015 og 2016.<\/p>\n<p><\/p>\n<p>\u00c1 stj\u00f3rnarnefndarfundi Landsa\u00f0gangs \u00ed apr\u00edl 2016 var sam\u00feykkt a\u00f0 taka \u00e1fram \u00fe\u00e1tt \u00ed SCOP4 vegna 2017 -2019.<\/p>\n<p><\/p>\n<p>Me\u00f0 \u00fe\u00e1ttt\u00f6ku \u00ed SCOAP3 fella \u00fatgefendurnir Elsevier og Springer ni\u00f0ur e\u00f0a endurgrei\u00f0a \u00e1skriftrarkostna\u00f0a Landsa\u00f0gangs vegna t\u00edmaritanna, Journal of High Energy Physics, European Physical Journal C fr\u00e1 Springer og ritanna Nuclear Physics B og Physics Letters B fr\u00e1 Elsevier, sem eru hluti af SCOAP3. Endurgrei\u00f0slu og afsl\u00e1ttarupph\u00e6\u00f0ir renna til SCOAP3 verkefnisins. Ekki er um sparna\u00f0 a\u00f0 r\u00e6\u00f0a heldur er liti\u00f0 \u00e1 \u00fe\u00e1ttt\u00f6ku \u00ed SCOAP3 til stu\u00f0nings \u00fer\u00f3unar \u00e1 opnum a\u00f0gangi a\u00f0 ni\u00f0urst\u00f6\u00f0um v\u00edsindaranns\u00f3kna.\u00a0<\/p>\n<p><\/p>\n<p><strong>Gagnas\u00f6fn og t\u00edmarit \u00ed opnum a\u00f0gangi<\/strong><\/p>\n<p><\/p>\n<ul class=\"wp-block-list\">\n<li><a href=\"http:\/\/www.doabooks.org\/doab\"><strong>DOAB<\/strong><\/a>\u00a0&#8211; Directory of Open Access Books<\/li>\n\n<li><a href=\"http:\/\/www.doaj.org\/\" target=\"_blank\" rel=\"noreferrer noopener\"><strong>DOAJ<\/strong><\/a>\u00a0&#8211; Directory of Open Access Journals<\/li>\n\n<li><a href=\"http:\/\/oaister.worldcat.org\/\" target=\"_blank\" rel=\"noreferrer noopener\"><strong>OAlster<\/strong><\/a>\u00a0&#8211; rafr\u00e6n g\u00f6gn \u00ed opnum a\u00f0gangi<\/li>\n\n<li><a href=\"https:\/\/peerj.com\/\"><strong>PeerJ<\/strong><\/a>\u00a0&#8211; \u00fatgefandi \u00e1 svi\u00f0i l\u00edffr\u00e6\u00f0i, heilbrig\u00f0isv\u00edsinda og t\u00f6lvunarfr\u00e6\u00f0i<\/li>\n\n<li><a href=\"http:\/\/www.plos.org\/\"><strong>PLoS<\/strong><\/a>\u00a0&#8211; \u00fatgefandi \u00e1 svi\u00f0i v\u00edsinda og l\u00e6knisfr\u00e6\u00f0i<\/li>\n<\/ul>\n<p><\/p>\n<p><strong>Var\u00f0veislus\u00f6fn<br \/><br \/>Yfirlit yfir var\u00f0veislus\u00f6fn<\/strong><br \/><a href=\"http:\/\/www.opendoar.org\/index.html\" target=\"_blank\" rel=\"noreferrer noopener\"><strong>OpenDOAR<\/strong><\/a>\u00a0&#8211; The Directory of Open Access Repositories<\/p>\n<p><\/p>\n<p><strong>Danm\u00f6rk<\/strong><br \/><a href=\"http:\/\/forskningsbasen.deff.dk\/Search,$Border.$DirectLink.sdirect\" target=\"_blank\" rel=\"noreferrer noopener\"><strong>Den Danske Forskningsdatabasen<\/strong><\/a><br \/><a href=\"http:\/\/openarchive.cbs.dk\/\" target=\"_blank\" rel=\"noreferrer noopener\"><strong>OpenArchive@CBS<\/strong><\/a>\u00a0&#8211; Copenhagen Business School<br \/><br \/><strong>England<\/strong><br \/><a href=\"http:\/\/irs.mimas.ac.uk\/demonstrator\/\" target=\"_blank\" rel=\"noreferrer noopener\"><strong>Intute<\/strong><\/a>\u00a0&#8211; vantar l\u00fdsingu<br \/><a href=\"http:\/\/oro.open.ac.uk\/cgi\/search\/simple\" target=\"_blank\" rel=\"noreferrer noopener\"><strong>ORO<\/strong><\/a>\u00a0&#8211; Open Research Online fr\u00e1 Open University<\/p>\n<p><\/p>\n<p><strong>Finnland<\/strong><br \/><a href=\"http:\/\/www.doria.fi\/?locale=len\" target=\"_blank\" rel=\"noreferrer noopener\"><strong>Doria<\/strong><\/a>\u00a0&#8211; National Library of Finland<\/p>\n<p><\/p>\n<p><strong>Frakkland<\/strong><br \/><a href=\"http:\/\/hal.archives-ouvertes.fr\/index.php?halsid=9tnpkc47p0k8tcqfslugtrm7u1&amp;action_todo=search&amp;s_type=advanced\" target=\"_blank\" rel=\"noreferrer noopener\"><strong>HAL<\/strong><\/a>\u00a0&#8211; v\u00edsindagreinar og lokaverkefni<\/p>\n<p><\/p>\n<p><strong>Holland<\/strong><br \/><a href=\"http:\/\/www.narcis.nl\/\" target=\"_blank\" rel=\"noreferrer noopener\"><strong>NARCIS<\/strong><\/a>\u00a0&#8211; National Academic Research and Collaborations Information System<\/p>\n<p><\/p>\n<p><strong>\u00cdrland<\/strong><br \/><a href=\"http:\/\/rian.ie\/en\" target=\"_blank\" rel=\"noreferrer noopener\"><strong>RIAN<\/strong><\/a>\u00a0&#8211; Irish research publications<\/p>\n<p><\/p>\n<p><strong>\u00cdsland<\/strong><br \/><a href=\"http:\/\/www.hirsla.lsh.is\/lsh\/\"><strong>Hirsla &#8211; rafr\u00e6nt var\u00f0veislusafn<\/strong><\/a>\u00a0Landsp\u00edtala h\u00e1sk\u00f3lasj\u00fakrah\u00fass<br \/><strong><a href=\"http:\/\/opinvisindi.is\">Opin v\u00edsindi<\/a><\/strong> &#8211; stafr\u00e6nt var\u00f0veislusafn \u00edslensku h\u00e1sk\u00f3lanna fyrir ritr\u00fdndar v\u00edsindagreinar ofl.\u00a0<br \/><a href=\"http:\/\/skemman.is\/\"><strong>Skemman<\/strong>\u00a0<\/a>&#8211; rafr\u00e6nt gagnasafn \u00edslensku h\u00e1sk\u00f3lanna fyrir lokaverkefni og ranns\u00f3knarrit kennara og fr\u00e6\u00f0imanna<br \/><br \/><strong>Noregur<\/strong><br \/><a href=\"https:\/\/bora.uib.no\/\" target=\"_blank\" rel=\"noreferrer noopener\"><strong>BORA &#8211; UiB<\/strong><\/a>\u00a0&#8211; Bergen Open Research Archive<br \/><a href=\"http:\/\/highnorth.uit.no\/\" target=\"_blank\" rel=\"noreferrer noopener\"><strong>High North &#8211; Research Documents<\/strong><\/a>. Efni \u00e1 fj\u00f6lbreyttu fr\u00e6\u00f0asvi\u00f0i. Uppl\u00fdsingag\u00e1tt\u00a0b\u00f3kasafns h\u00e1sk\u00f3lans \u00ed Troms\u00f6<br \/><a href=\"http:\/\/www.ub.uio.no\/nora\/search.html\" target=\"_blank\" rel=\"noreferrer noopener\"><strong>NORA<\/strong><\/a>\u00a0&#8211; Norwegian Open Research Archives<\/p>\n<p><\/p>\n<p><strong>Sv\u00ed\u00fej\u00f3\u00f0<\/strong><br \/><a href=\"http:\/\/www.swepub.se\/\" target=\"_blank\" rel=\"noreferrer noopener\"><strong>SwePub<\/strong><\/a>\u00a0&#8211; Vetenskaplig publicering vid svenska l\u00e4ros\u00e4ten<br \/><a href=\"http:\/\/www.diva-portal.org\/smash\/search.jsf\" target=\"_blank\" rel=\"noreferrer noopener\"><strong>DiVA<\/strong><\/a>\u00a0&#8211; Digitala Vetenskapliga Arkivet<br \/><br \/><br \/><a href=\"http:\/\/bokasafn.hi.is\/opinn_adgangur\"><strong>B\u00f3kasafn Menntav\u00edsindasvi\u00f0s H\u00cd\u00a0&#8211; Opinn a\u00f0gangur<\/strong><\/a><br \/>Vefs\u00ed\u00f0a me\u00f0 tenglum \u00e1 efni \u00fear sem fjalla\u00f0 er um Opinn a\u00f0gang<\/p>\n<p><\/p>\t\t\t\t\t\t\t\t<\/div>\n\t\t\t\t<\/div>\n\t\t\t\t\t<\/div>\n\t\t\t\t<\/div>\n\t\t\t\t<\/div>","protected":false},"excerpt":{"rendered":"<p>Opinn a\u00f0gangur (OA) Landsa\u00f0gangur hefur gert birtingar- og samning um opinn a\u00f0gang vi\u00f0 Karger \u00fatg\u00e1funa Samningurinn tryggir landsa\u00f0gang a\u00f0 \u00f6llum rafr\u00e6num t\u00edmaritum Karger fr\u00e1 og me\u00f0 1998. V\u00edsindamenn \u00e1 \u00cdslandi geta birt v\u00edsindagreinar \u00ed t\u00edmaritum Karger \u00ed opnum a\u00f0gangi \u00e1n \u00feess a\u00f0 grei\u00f0a birtingargj\u00f6ld og er fj\u00f6ldi greina til birtingar \u00f3takmarka\u00f0ur. Fr\u00e9ttatilkynning Lei\u00f0beiningar um innsendingu [&hellip;]<\/p>\n","protected":false},"author":2,"featured_media":0,"parent":0,"menu_order":0,"comment_status":"closed","ping_status":"closed","template":"","meta":{"footnotes":""},"class_list":["post-34","page","type-page","status-publish","hentry"],"_links":{"self":[{"href":"https:\/\/hvar.is\/en\/wp-json\/wp\/v2\/pages\/34","targetHints":{"allow":["GET"]}}],"collection":[{"href":"https:\/\/hvar.is\/en\/wp-json\/wp\/v2\/pages"}],"about":[{"href":"https:\/\/hvar.is\/en\/wp-json\/wp\/v2\/types\/page"}],"author":[{"embeddable":true,"href":"https:\/\/hvar.is\/en\/wp-json\/wp\/v2\/users\/2"}],"replies":[{"embeddable":true,"href":"https:\/\/hvar.is\/en\/wp-json\/wp\/v2\/comments?post=34"}],"version-history":[{"count":20,"href":"https:\/\/hvar.is\/en\/wp-json\/wp\/v2\/pages\/34\/revisions"}],"predecessor-version":[{"id":944,"href":"https:\/\/hvar.is\/en\/wp-json\/wp\/v2\/pages\/34\/revisions\/944"}],"wp:attachment":[{"href":"https:\/\/hvar.is\/en\/wp-json\/wp\/v2\/media?parent=34"}],"curies":[{"name":"wp","href":"https:\/\/api.w.org\/{rel}","templated":true}]}}