{"id":336,"date":"2023-11-06T10:55:01","date_gmt":"2023-11-06T10:55:01","guid":{"rendered":"https:\/\/dev.hvar.is\/?page_id=336"},"modified":"2024-02-21T10:01:57","modified_gmt":"2024-02-21T10:01:57","slug":"umfjallanir-um-landsadgang","status":"publish","type":"page","link":"https:\/\/hvar.is\/en\/forsida\/um-landsadgang\/umfjallanir-um-landsadgang\/","title":{"rendered":"Umfjallanir um landsa\u00f0gang"},"content":{"rendered":"\t\t<div data-elementor-type=\"wp-page\" data-elementor-id=\"336\" class=\"elementor elementor-336\" data-elementor-post-type=\"page\">\n\t\t\t\t<div class=\"elementor-element elementor-element-54cd147 e-flex e-con-boxed e-con e-parent\" data-id=\"54cd147\" data-element_type=\"container\" data-e-type=\"container\">\n\t\t\t\t\t<div class=\"e-con-inner\">\n\t\t\t\t<div class=\"elementor-element elementor-element-2730f75 elementor-widget elementor-widget-heading\" data-id=\"2730f75\" data-element_type=\"widget\" data-e-type=\"widget\" data-widget_type=\"heading.default\">\n\t\t\t\t<div class=\"elementor-widget-container\">\n\t\t\t\t\t<h2 class=\"elementor-heading-title elementor-size-default\">Umfjallanir um landsa\u00f0gang<\/h2>\t\t\t\t<\/div>\n\t\t\t\t<\/div>\n\t\t\t\t<div class=\"elementor-element elementor-element-0cb5d2d elementor-widget elementor-widget-text-editor\" data-id=\"0cb5d2d\" data-element_type=\"widget\" data-e-type=\"widget\" data-widget_type=\"text-editor.default\">\n\t\t\t\t<div class=\"elementor-widget-container\">\n\t\t\t\t\t\t\t\t\t<p>Thorsteinsdottir, Solveig [= S\u00f3lveig \u00deorsteinsd\u00f3ttir] (2001):\u00a0<a href=\"http:\/\/www.eahil.net\/newsletter\/57\/57.pdf\">The Icelandic Digital Library : A National Database and Electronic Journal Consortium<\/a>.\u00a0<em>EAHIL Newsletter to European Health Librarians (vol. 57, p 19).<\/em><\/p><p><a href=\"http:\/\/timarit.is\/view_page_init.jsp?issId=250178&amp;pageId=3432592&amp;lang=4&amp;q=landsa%C3%B0gangur\" target=\"_blank\" rel=\"noopener\">St\u00e6rsta b\u00f3kasafni\u00f0 komi\u00f0 heim<\/a>. Morgunbla\u00f0i\u00f0 3. febr\u00faar 2002.<\/p><p>Gylfadottir, Thora [= \u00de\u00f3ra Gylfad\u00f3ttir] (2003):\u00a0<a href=\"http:\/\/www.abm-utvikling.no\/publisert\/Synopsis\/2003\/Synopsis_2_2003.pdf\" target=\"_blank\" rel=\"noopener\">Landsadgang til elektroniske databaser og e-tidsskrifter i Island \u2013 portalen hvar.is<\/a>.\u00a0<em>Synopsis<\/em>\u00a0<em>(vol. 34\/2, pp 66-69),<\/em>\u00a0(in Danish).<\/p><p>Hlynsdottir, Thorny and Thora Gylfadottir [= \u00de\u00f3rn\u00fd Hlynsd\u00f3ttir og \u00de\u00f3ra Gylfad\u00f3ttir] (2004):\u00a0<a href=\"http:\/\/www.emeraldinsight.com\/journals.htm?issn=0264-1615&amp;volume=32&amp;issue=2\">Remote document supply in Iceland before and after nationwide access to 8000 e-journals: the story so far<\/a>.\u00a0<em>Interlending &amp; Document Supply<\/em>\u00a0<em>(vol. 32\/2, p. 70).<\/em><\/p><p>Thorsteinsdottir, Solveig [= S\u00f3lveig \u00deorsteinsd\u00f3ttir] (2005):\u00a0<a href=\"http:\/\/www.eahil.net\/newsletter\/journal_2005_vol1_n4.pdf\" target=\"_blank\" rel=\"noopener\">Does national access to e-publications make a difference: the Icelandic experience<\/a>.\u00a0<em>Journal of the European Association for Health Information and Libraries (vol. 1\/4, pp 26-32).<\/em><\/p><p>Ingibj\u00f6rg Steinunn Sverrisd\u00f3ttir (2007).\u00a0<a href=\"http:\/\/skemman.is\/stream\/get\/1946\/2175\/6672\/1\/Landsa%C3%B0gangur_a%C3%B0_rafr%C3%A6num_gagnas%C3%B6fnum_og_t%C3%ADmaritum_11052006_fixed.pdf\" target=\"_blank\" rel=\"noopener\">Landsa\u00f0gangur a\u00f0 rafr\u00e6num gagnas\u00f6fnum og t\u00edmaritum<\/a>. Meistararitger\u00f0 \u00ed opinberri sj\u00f3rns\u00fdslu.<\/p><p>Gylfadottir, Thora and Thorny Hlynsddottir [= \u00de\u00f3ra Gylfad\u00f3ttir og \u00de\u00f3rn\u00fd Hlynsd\u00f3ttir ] (2006):\u00a0<a href=\"http:\/\/www.emeraldinsight.com\/journals.htm?articleid=1541910&amp;show=abstract\">Iceland: the story continues \u2026 of nation-wide access to e-journals<\/a>.\u00a0<em>Interlending &amp; Document Supply<\/em>\u00a0<em>(vol. 34\/1, p. 9).<\/em><\/p><p>Sveinn \u00d3lafsson (2006).\u00a0<a href=\"http:\/\/www.ut.is\/UTbladid2006\/nr\/2208\" target=\"_blank\" rel=\"noopener\">hvar.is: landsa\u00f0gangur a\u00f0 gagnas\u00f6fnum og rafr\u00e6num t\u00edmaritum<\/a>. UT-bla\u00f0i\u00f0 24. jan\u00faar 2006.<\/p><p>Ingrid van de Stadt interview with Solveig Thorsteinsdottir (2007):\u00a0<a href=\"http:\/\/libraryconnect.elsevier.com\/lcn\/0501\/lcn050102.html\">Going e-only: All Icelandic citizens are hooked<\/a>.\u00a0<em>Library Connect (vol. 5, no. 1, p2).<\/em><\/p><p>Ingibj\u00f6rg Steinunn Sverrisd\u00f3ttir (2007).\u00a0<a href=\"http:\/\/timarit.is\/view_page_init.jsp?issId=185268&amp;pageId=2408025&amp;lang=is&amp;q=Landsa%C3%B0gangur\" target=\"_blank\" rel=\"noopener\">Landsa\u00f0gangur a\u00f0 rafr\u00e6num gagnas\u00f6fnum og t\u00edmaritum: \u00fer\u00f3un skipulagsheildar<\/a>.\u00a0<em>B\u00f3kasafni\u00f0<\/em>\u00a031(1), bls.\u00a037.\u00a0\u00a0<\/p><p><a href=\"http:\/\/timarit.is\/view_page_init.jsp?issId=285196&amp;pageId=4152266&amp;lang=4&amp;q=landsa%C3%B0gangur\" target=\"_blank\" rel=\"noopener\">Me\u00f0 tv\u00e6r \u00dej\u00f3\u00f0arb\u00f3khl\u00f6\u00f0ur \u00ed fanginu<\/a>. Morgunbla\u00f0i\u00f0 24. jan\u00faar 2007, bls. 21.<\/p><p>Birgir Bj\u00f6rnsson (2011).\u00a0<a href=\"http:\/\/www.visir.is\/article\/2011704219999\" target=\"_blank\" rel=\"noopener\">Upp\u00e1halds t\u00edmariti\u00f0 \u00feitt<\/a>. Fr\u00e9ttabla\u00f0i\u00f0 21. apr\u00edl 2011, bls. 16.\u00a0<\/p><p>Ingibj\u00f6rg Steinunn Sverisd\u00f3ttir og \u00de\u00f3rd\u00eds T. \u00de\u00f3rarinsd\u00f3ttir (2012).\u00a0<a href=\"http:\/\/www.degruyter.com\/view\/books\/9783110263121\/9783110263121.37\/9783110263121.37.xml\">Iceland Goes Digital: Countrywide Access to Electronic Resources<\/a>,\u00a0\u00ed\u00a0<a href=\"http:\/\/www.degruyter.com\/view\/product\/129022\">Libraries Driving Access to Knowledge<\/a><\/p><p><a href=\"http:\/\/pappir.mbl.is\/index.php?alias=IS-MBL&amp;s=5646&amp;p=126317\">Engar \u00edslenskar rafb\u00e6kur til \u00fatl\u00e1ns<\/a>. Morgunbla\u00f0i\u00f0 24. september 2013, bls. 6.<\/p><p>Birgir Bj\u00f6rnsson (2013).\u00a0<a href=\"http:\/\/vefblod.visir.is\/index.php?s=7460&amp;p=159244\">Encyclopedia Britannica \u00ed snjalls\u00edmann og spjaldt\u00f6lvuna<\/a>. Fr\u00e9ttabla\u00f0i\u00f0 27. september, bls. 15.<\/p>\t\t\t\t\t\t\t\t<\/div>\n\t\t\t\t<\/div>\n\t\t\t\t<div class=\"elementor-element elementor-element-31846d9 elementor-widget-divider--view-line elementor-widget elementor-widget-divider\" data-id=\"31846d9\" data-element_type=\"widget\" data-e-type=\"widget\" data-widget_type=\"divider.default\">\n\t\t\t\t<div class=\"elementor-widget-container\">\n\t\t\t\t\t\t\t<div class=\"elementor-divider\">\n\t\t\t<span class=\"elementor-divider-separator\">\n\t\t\t\t\t\t<\/span>\n\t\t<\/div>\n\t\t\t\t\t\t<\/div>\n\t\t\t\t<\/div>\n\t\t\t\t<div class=\"elementor-element elementor-element-402bcf4 elementor-widget-divider--view-line elementor-widget elementor-widget-divider\" data-id=\"402bcf4\" data-element_type=\"widget\" data-e-type=\"widget\" data-widget_type=\"divider.default\">\n\t\t\t\t<div class=\"elementor-widget-container\">\n\t\t\t\t\t\t\t<div class=\"elementor-divider\">\n\t\t\t<span class=\"elementor-divider-separator\">\n\t\t\t\t\t\t<\/span>\n\t\t<\/div>\n\t\t\t\t\t\t<\/div>\n\t\t\t\t<\/div>\n\t\t\t\t<div class=\"elementor-element elementor-element-f05a248 elementor-widget-divider--view-line elementor-widget elementor-widget-divider\" data-id=\"f05a248\" data-element_type=\"widget\" data-e-type=\"widget\" data-widget_type=\"divider.default\">\n\t\t\t\t<div class=\"elementor-widget-container\">\n\t\t\t\t\t\t\t<div class=\"elementor-divider\">\n\t\t\t<span class=\"elementor-divider-separator\">\n\t\t\t\t\t\t<\/span>\n\t\t<\/div>\n\t\t\t\t\t\t<\/div>\n\t\t\t\t<\/div>\n\t\t\t\t<div class=\"elementor-element elementor-element-1df269e elementor-widget-divider--view-line elementor-widget elementor-widget-divider\" data-id=\"1df269e\" data-element_type=\"widget\" data-e-type=\"widget\" data-widget_type=\"divider.default\">\n\t\t\t\t<div class=\"elementor-widget-container\">\n\t\t\t\t\t\t\t<div class=\"elementor-divider\">\n\t\t\t<span class=\"elementor-divider-separator\">\n\t\t\t\t\t\t<\/span>\n\t\t<\/div>\n\t\t\t\t\t\t<\/div>\n\t\t\t\t<\/div>\n\t\t\t\t\t<\/div>\n\t\t\t\t<\/div>\n\t\t\t\t<\/div>\n\t\t","protected":false},"excerpt":{"rendered":"<p>Umfjallanir um landsa\u00f0gang Thorsteinsdottir, Solveig [= S\u00f3lveig \u00deorsteinsd\u00f3ttir] (2001):\u00a0The Icelandic Digital Library : A National Database and Electronic Journal Consortium.\u00a0EAHIL Newsletter to European Health Librarians (vol. 57, p 19). St\u00e6rsta b\u00f3kasafni\u00f0 komi\u00f0 heim. Morgunbla\u00f0i\u00f0 3. febr\u00faar 2002. Gylfadottir, Thora [= \u00de\u00f3ra Gylfad\u00f3ttir] (2003):\u00a0Landsadgang til elektroniske databaser og e-tidsskrifter i Island \u2013 portalen hvar.is.\u00a0Synopsis\u00a0(vol. 34\/2, pp [&hellip;]<\/p>\n","protected":false},"author":2,"featured_media":0,"parent":40,"menu_order":0,"comment_status":"closed","ping_status":"closed","template":"","meta":{"footnotes":""},"class_list":["post-336","page","type-page","status-publish","hentry"],"_links":{"self":[{"href":"https:\/\/hvar.is\/en\/wp-json\/wp\/v2\/pages\/336","targetHints":{"allow":["GET"]}}],"collection":[{"href":"https:\/\/hvar.is\/en\/wp-json\/wp\/v2\/pages"}],"about":[{"href":"https:\/\/hvar.is\/en\/wp-json\/wp\/v2\/types\/page"}],"author":[{"embeddable":true,"href":"https:\/\/hvar.is\/en\/wp-json\/wp\/v2\/users\/2"}],"replies":[{"embeddable":true,"href":"https:\/\/hvar.is\/en\/wp-json\/wp\/v2\/comments?post=336"}],"version-history":[{"count":16,"href":"https:\/\/hvar.is\/en\/wp-json\/wp\/v2\/pages\/336\/revisions"}],"predecessor-version":[{"id":1118,"href":"https:\/\/hvar.is\/en\/wp-json\/wp\/v2\/pages\/336\/revisions\/1118"}],"up":[{"embeddable":true,"href":"https:\/\/hvar.is\/en\/wp-json\/wp\/v2\/pages\/40"}],"wp:attachment":[{"href":"https:\/\/hvar.is\/en\/wp-json\/wp\/v2\/media?parent=336"}],"curies":[{"name":"wp","href":"https:\/\/api.w.org\/{rel}","templated":true}]}}