{"id":28,"date":"2023-09-22T09:51:58","date_gmt":"2023-09-22T09:51:58","guid":{"rendered":"https:\/\/dev.hvar.is\/?page_id=28"},"modified":"2024-01-26T14:01:44","modified_gmt":"2024-01-26T14:01:44","slug":"gagnasofn","status":"publish","type":"page","link":"https:\/\/hvar.is\/en\/gagnasofn\/","title":{"rendered":"Databases"},"content":{"rendered":"<div data-elementor-type=\"wp-page\" data-elementor-id=\"28\" class=\"elementor elementor-28\" data-elementor-post-type=\"page\">\n\t\t\t\t<div class=\"elementor-element elementor-element-7bdca7e e-flex e-con-boxed e-con e-parent\" data-id=\"7bdca7e\" data-element_type=\"container\" data-e-type=\"container\">\n\t\t\t\t\t<div class=\"e-con-inner\">\n\t\t\t\t<div class=\"elementor-element elementor-element-5b77444 elementor-widget elementor-widget-heading\" data-id=\"5b77444\" data-element_type=\"widget\" data-e-type=\"widget\" data-widget_type=\"heading.default\">\n\t\t\t\t<div class=\"elementor-widget-container\">\n\t\t\t\t\t<h2 class=\"elementor-heading-title elementor-size-default\">Databases<\/h2>\t\t\t\t<\/div>\n\t\t\t\t<\/div>\n\t\t\t\t<div class=\"elementor-element elementor-element-f64b61f elementor-widget elementor-widget-text-editor\" data-id=\"f64b61f\" data-element_type=\"widget\" data-e-type=\"widget\" data-widget_type=\"text-editor.default\">\n\t\t\t\t<div class=\"elementor-widget-container\">\n\t\t\t\t\t\t\t\t\t<p><a href=\"http:\/\/ovidsp.ovid.com\/ovidweb.cgi?T=JS&amp;NEWS=n&amp;CSC=Y&amp;PAGE=main&amp;D=ppez\"><strong>OVID\u00a0MEDLINE(R)<\/strong><\/a>\u00a0\u2013 a reference database in the field of health. Sponsored national access.<\/p>\n<p><!-- \/wp:paragraph --><!-- wp:paragraph --><\/p>\n<p><a href=\"https:\/\/search.proquest.com\/\"><strong>ProQuest Central<\/strong><\/a>\u00a0\u2013 also access to the databases\u00a0<strong><a href=\"https:\/\/search.proquest.com\/artbibliographies\/fromDatabasesLayer?accountid=28822\">ARTbibliographies Modern<\/a>,\u00a0<a href=\"https:\/\/search.proquest.com\/scitechpremium\/science\/fromDatabasesLayer?accountid=28822\">SciTech Premium <\/a><\/strong><a href=\"https:\/\/search.proquest.com\/scitechpremium\/science\/fromDatabasesLayer?accountid=28822\"><strong>Collection<\/strong><\/a>\u00a0and\u00a0<a href=\"https:\/\/search.proquest.com\/socialsciencepremium\/socialsciences\/fromDatabasesLayer?accountid=28822\"><strong>Social Sceince Premium Collection<\/strong><\/a>. Possibility to search\u00a0<a href=\"https:\/\/search.proquest.com\/\"><strong>in all ProQuest databases<\/strong>\u00a0<\/a>in one search. Total texts more than 12 thousand publications plus access to the full text of many publications with the SFX journal catalog link system; Magazines.\u00a0<\/p>\n<p><!-- \/wp:paragraph --><!-- wp:paragraph --><\/p>\n<p><a href=\"https:\/\/www.scopus.com\/\"><strong>Scopus\u00a0<\/strong><\/a>- content from more than 21,000 peer-reviewed scientific publications after 1970, as well as other content such as e-books and conference materials in the field of social, health, life and natural sciences. Access to the full text of scientific publications is often via a link system. Sponsored national access.<\/p>\n<p><!-- \/wp:paragraph --><!-- wp:paragraph --><\/p>\n<p><a href=\"http:\/\/apps.webofknowledge.com\/WOS_GeneralSearch_input.do?product=WOS&amp;SID=T1kMkvymbtDQ2ViKBpT&amp;search_mode=GeneralSearch\"><strong>Web of Science<\/strong><\/a>\u00a0\u2013 material from more than 12 thousand of peer-reviewed scientific publications after 1970\/75, as well as other material, e.g. conference materials in the field of social, mental, health and natural sciences. Access to the full text of scientific publications is often via a link system.<\/p>\t\t\t\t\t\t\t\t<\/div>\n\t\t\t\t<\/div>\n\t\t\t\t\t<\/div>\n\t\t\t\t<\/div>\n\t\t\t\t<\/div>","protected":false},"excerpt":{"rendered":"<p>Gagnas\u00f6fn OVID\u00a0MEDLINE(R)\u00a0&#8211; tilv\u00edsanagagnasafn \u00e1 heilbrig\u00f0issvi\u00f0i. Kosta\u00f0ur landsa\u00f0gangur. ProQuest Central\u00a0&#8211; einnig a\u00f0gangur a\u00f0 gagnas\u00f6fnunum\u00a0ARTbibliographies Modern,\u00a0SciTech Premium Collection\u00a0og\u00a0Social Sceince Premium Collection. M\u00f6guleiki a\u00f0 leita\u00a0\u00ed \u00f6llum gagnas\u00f6fnum ProQuest\u00a0\u00ed einni leit. Heildartextar r\u00edflega 12 \u00fe\u00fas. rita\u00a0auk a\u00f0gangs a\u00f0 heildartexta margra\u00a0rita me\u00f0 kr\u00e6kjukerfi SFX t\u00edmaritalistanum; Finna t\u00edmarit.\u00a0 Scopus\u00a0&#8211; efni \u00far meira en 21. \u00fe\u00fas ritr\u00fdndra v\u00edsindarita eftir 1970, auk annars [&hellip;]<\/p>\n","protected":false},"author":2,"featured_media":0,"parent":0,"menu_order":0,"comment_status":"closed","ping_status":"closed","template":"","meta":{"footnotes":""},"class_list":["post-28","page","type-page","status-publish","hentry"],"_links":{"self":[{"href":"https:\/\/hvar.is\/en\/wp-json\/wp\/v2\/pages\/28","targetHints":{"allow":["GET"]}}],"collection":[{"href":"https:\/\/hvar.is\/en\/wp-json\/wp\/v2\/pages"}],"about":[{"href":"https:\/\/hvar.is\/en\/wp-json\/wp\/v2\/types\/page"}],"author":[{"embeddable":true,"href":"https:\/\/hvar.is\/en\/wp-json\/wp\/v2\/users\/2"}],"replies":[{"embeddable":true,"href":"https:\/\/hvar.is\/en\/wp-json\/wp\/v2\/comments?post=28"}],"version-history":[{"count":24,"href":"https:\/\/hvar.is\/en\/wp-json\/wp\/v2\/pages\/28\/revisions"}],"predecessor-version":[{"id":976,"href":"https:\/\/hvar.is\/en\/wp-json\/wp\/v2\/pages\/28\/revisions\/976"}],"wp:attachment":[{"href":"https:\/\/hvar.is\/en\/wp-json\/wp\/v2\/media?parent=28"}],"curies":[{"name":"wp","href":"https:\/\/api.w.org\/{rel}","templated":true}]}}