{"id":26,"date":"2023-09-22T09:51:58","date_gmt":"2023-09-22T09:51:58","guid":{"rendered":"https:\/\/dev.hvar.is\/?page_id=26"},"modified":"2024-01-26T14:00:59","modified_gmt":"2024-01-26T14:00:59","slug":"timaritasofn","status":"publish","type":"page","link":"https:\/\/hvar.is\/en\/timaritasofn\/","title":{"rendered":"E-Journals"},"content":{"rendered":"<div data-elementor-type=\"wp-page\" data-elementor-id=\"26\" class=\"elementor elementor-26\" data-elementor-post-type=\"page\">\n\t\t\t\t<div class=\"elementor-element elementor-element-be366f5 e-flex e-con-boxed e-con e-parent\" data-id=\"be366f5\" data-element_type=\"container\" data-e-type=\"container\">\n\t\t\t\t\t<div class=\"e-con-inner\">\n\t\t\t\t<div class=\"elementor-element elementor-element-53f586e elementor-widget elementor-widget-heading\" data-id=\"53f586e\" data-element_type=\"widget\" data-e-type=\"widget\" data-widget_type=\"heading.default\">\n\t\t\t\t<div class=\"elementor-widget-container\">\n\t\t\t\t\t<h2 class=\"elementor-heading-title elementor-size-default\">E-Journals<\/h2>\t\t\t\t<\/div>\n\t\t\t\t<\/div>\n\t\t\t\t<div class=\"elementor-element elementor-element-a4a2b24 elementor-widget elementor-widget-text-editor\" data-id=\"a4a2b24\" data-element_type=\"widget\" data-e-type=\"widget\" data-widget_type=\"text-editor.default\">\n\t\t\t\t<div class=\"elementor-widget-container\">\n\t\t\t\t\t\t\t\t\t<p><\/p>\n<p><\/p>\n<p>Magazine collections are from individual publishers.<\/p>\n<p><\/p>\n<ul class=\"wp-block-list\">\n<li><strong><a href=\"https:\/\/karger.com\/\">Karger<\/a><\/strong> - 104 active journals in the field of health and life sciences<\/li>\n\n<li><strong><a href=\"http:\/\/journals.sagepub.com\/\">Sage Premier 2019<\/a><\/strong> - 1,079 active journals in the field of social, humanities, health and life sciences<\/li>\n\n<li><strong><a href=\"https:\/\/www.sciencedirect.com\/\">ScienceDirect<\/a><\/strong> - 2,336 active journals in all academic fields<\/li>\n\n<li><strong><a href=\"http:\/\/link.springer.com\/\">SpringerLink<\/a><\/strong> - 1,629 active journals in the fields of health, biology, humanities, social and educational sciences as well as engineering subjects<\/li>\n\n<li><a href=\"http:\/\/onlinelibrary.wiley.com\/?cretry=1\" target=\"_blank\" rel=\"noreferrer noopener\"><strong>Wiley Online Library<\/strong><\/a> \u2013 654 active journals in the fields of health, life and natural sciences, social sciences and humanities and engineering<\/li>\n<\/ul>\n<p><\/p>\t\t\t\t\t\t\t\t<\/div>\n\t\t\t\t<\/div>\n\t\t\t\t\t<\/div>\n\t\t\t\t<\/div>\n\t\t\t\t<\/div>","protected":false},"excerpt":{"rendered":"<p>T\u00edmaritas\u00f6fn T\u00edmaritas\u00f6fn eru fr\u00e1 einst\u00f6kum \u00fatgefendum.<\/p>","protected":false},"author":2,"featured_media":0,"parent":0,"menu_order":0,"comment_status":"closed","ping_status":"closed","template":"","meta":{"footnotes":""},"class_list":["post-26","page","type-page","status-publish","hentry"],"_links":{"self":[{"href":"https:\/\/hvar.is\/en\/wp-json\/wp\/v2\/pages\/26","targetHints":{"allow":["GET"]}}],"collection":[{"href":"https:\/\/hvar.is\/en\/wp-json\/wp\/v2\/pages"}],"about":[{"href":"https:\/\/hvar.is\/en\/wp-json\/wp\/v2\/types\/page"}],"author":[{"embeddable":true,"href":"https:\/\/hvar.is\/en\/wp-json\/wp\/v2\/users\/2"}],"replies":[{"embeddable":true,"href":"https:\/\/hvar.is\/en\/wp-json\/wp\/v2\/comments?post=26"}],"version-history":[{"count":34,"href":"https:\/\/hvar.is\/en\/wp-json\/wp\/v2\/pages\/26\/revisions"}],"predecessor-version":[{"id":973,"href":"https:\/\/hvar.is\/en\/wp-json\/wp\/v2\/pages\/26\/revisions\/973"}],"wp:attachment":[{"href":"https:\/\/hvar.is\/en\/wp-json\/wp\/v2\/media?parent=26"}],"curies":[{"name":"wp","href":"https:\/\/api.w.org\/{rel}","templated":true}]}}